{"id":200,"date":"2026-04-17T15:44:31","date_gmt":"2026-04-17T12:44:31","guid":{"rendered":"https:\/\/www.dekode.com.tr\/?page_id=200"},"modified":"2026-04-20T15:32:14","modified_gmt":"2026-04-20T12:32:14","slug":"egitimler","status":"publish","type":"page","link":"https:\/\/www.dekode.com.tr\/en\/egitimler\/","title":{"rendered":"Trainings"},"content":{"rendered":"<div class=\"wp-block-columns alignwide are-vertically-aligned-center is-layout-flex wp-container-core-columns-is-layout-174606dc wp-block-columns-is-layout-flex\">\n<div class=\"wp-block-column is-vertically-aligned-center is-layout-flow wp-block-column-is-layout-flow\">\n<figure class=\"wp-block-image is-style-ext-preset--image--natural-1--image-1--content-right ext-animate--on is-style-ext-preset--image--natural-1--image-1--content-right--1\"><img decoding=\"async\" width=\"1440\" height=\"960\" src=\"https:\/\/www.dekode.com.tr\/wp-content\/uploads\/2026\/04\/00f0897aa52c9a595d4d6a46024bec0f59f7a699.jpg\" alt=\"\" class=\"wp-image-212\" style=\"aspect-ratio:1;object-fit:cover\" srcset=\"https:\/\/www.dekode.com.tr\/wp-content\/uploads\/2026\/04\/00f0897aa52c9a595d4d6a46024bec0f59f7a699.jpg 1440w, https:\/\/www.dekode.com.tr\/wp-content\/uploads\/2026\/04\/00f0897aa52c9a595d4d6a46024bec0f59f7a699-300x200.jpg 300w, https:\/\/www.dekode.com.tr\/wp-content\/uploads\/2026\/04\/00f0897aa52c9a595d4d6a46024bec0f59f7a699-1024x683.jpg 1024w, https:\/\/www.dekode.com.tr\/wp-content\/uploads\/2026\/04\/00f0897aa52c9a595d4d6a46024bec0f59f7a699-18x12.jpg 18w\" sizes=\"(max-width: 1440px) 100vw, 1440px\" \/><\/figure>\n<\/div>\n\n\n\n<div class=\"wp-block-column is-vertically-aligned-center is-layout-flow wp-block-column-is-layout-flow\">\n<h2 class=\"wp-block-heading ext-animate--on\">Our Training and Consulting Services for Professional Development<\/h2>\n\n\n\n<p class=\"ext-animate--on\" style=\"margin-top:1.5rem\">At Dekode Cyber \u200b\u200bIT Consulting, we offer professional training programs tailored to the needs of organizations, aiming to enhance their knowledge and skills. Our training programs provide practical and effective solutions aligned with the current needs of the sector.<\/p>\n<\/div>\n<\/div>\n\n\n\n<figure class=\"wp-block-embed is-type-video is-provider-youtube wp-block-embed-youtube wp-embed-aspect-16-9 wp-has-aspect-ratio\"><div class=\"wp-block-embed__wrapper\">\n<iframe title=\"Secure Coding\" width=\"500\" height=\"281\" src=\"https:\/\/www.youtube.com\/embed\/JRtfWbIXU2g?start=9&#038;feature=oembed\" frameborder=\"0\" allow=\"accelerometer; autoplay; clipboard-write; encrypted-media; gyroscope; picture-in-picture; web-share\" referrerpolicy=\"strict-origin-when-cross-origin\" allowfullscreen><\/iframe>\n<\/div><\/figure>\n\n\n\n<div class=\"wp-block-columns alignwide is-layout-flex wp-container-core-columns-is-layout-174606dc wp-block-columns-is-layout-flex\">\n<div class=\"wp-block-column is-vertically-aligned-center is-layout-flow wp-block-column-is-layout-flow\">\n<h2 class=\"wp-block-heading ext-animate--on\">Secure Code Development Training<\/h2>\n\n\n\n<p class=\"ext-animate--on\" style=\"margin-top:1.5rem\">A 20-minute introductory video on secure code development is available at the top. Our detailed training lasts 2.5-3 days, and standard and checklists are provided at the end of the training. You can request a quote for detailed training.<\/p>\n<\/div>\n\n\n\n<div class=\"wp-block-column is-vertically-aligned-center is-layout-flow wp-block-column-is-layout-flow\">\n<ul class=\"wp-block-list\">\n<li>Why Should We Develop Secure Code?<\/li>\n\n\n\n<li>Secure Software Development Standards<\/li>\n\n\n\n<li>How can we make software more secure?<\/li>\n\n\n\n<li>What is OWASP ASVS?<\/li>\n\n\n\n<li>ASVS Sections<\/li>\n\n\n\n<li>ASVS Scope<\/li>\n\n\n\n<li>Application Security Verification Levels<\/li>\n\n\n\n<li>How to Get Started with Secure Coding?<\/li>\n<\/ul>\n<\/div>\n<\/div>\n\n\n\n<figure class=\"wp-block-embed is-type-video is-provider-youtube wp-block-embed-youtube wp-embed-aspect-16-9 wp-has-aspect-ratio\"><div class=\"wp-block-embed__wrapper\">\n<iframe title=\"Siber Hijyen\" width=\"500\" height=\"281\" src=\"https:\/\/www.youtube.com\/embed\/L72BBGN8jF4?start=538&#038;feature=oembed\" frameborder=\"0\" allow=\"accelerometer; autoplay; clipboard-write; encrypted-media; gyroscope; picture-in-picture; web-share\" referrerpolicy=\"strict-origin-when-cross-origin\" allowfullscreen><\/iframe>\n<\/div><\/figure>\n\n\n\n<div class=\"wp-block-columns alignwide are-vertically-aligned-center is-layout-flex wp-container-core-columns-is-layout-174606dc wp-block-columns-is-layout-flex\">\n<div class=\"wp-block-column is-vertically-aligned-center is-layout-flow wp-block-column-is-layout-flow\">\n<ul class=\"wp-block-list\">\n<li>What is Cyber \u200b\u200bHygiene?<\/li>\n\n\n\n<li>Cyber \u200b\u200bHygiene Certificate<\/li>\n\n\n\n<li>Cyber \u200b\u200bHygiene main topics<\/li>\n\n\n\n<li>Where should the organization begin?<\/li>\n\n\n\n<li>Recommendations to the Institution<\/li>\n\n\n\n<li>In what areas can we provide support?<\/li>\n<\/ul>\n<\/div>\n\n\n\n<div class=\"wp-block-column is-vertically-aligned-center is-layout-flow wp-block-column-is-layout-flow\">\n<h2 class=\"wp-block-heading ext-animate--on\">Cyber \u200b\u200bHygiene Training<\/h2>\n\n\n\n<p class=\"ext-animate--on\" style=\"margin-top:1.5rem\">Our 15-minute introductory video about Cyber \u200b\u200bHygiene is above. If you need to obtain a Cyber \u200b\u200bHygiene Certificate, you can contact us for Gap Analysis and to learn what kind of work needs to be done in your organization.<\/p>\n<\/div>\n<\/div>\n\n\n\n<div class=\"wp-block-columns alignwide are-vertically-aligned-center is-layout-flex wp-container-core-columns-is-layout-174606dc wp-block-columns-is-layout-flex\">\n<div class=\"wp-block-column is-vertically-aligned-center is-layout-flow wp-block-column-is-layout-flow\">\n<h2 class=\"wp-block-heading ext-animate--on\">Information Security Awareness Training<\/h2>\n\n\n\n<p class=\"ext-animate--on\" style=\"margin-top:1.5rem\">Kurumlar\u0131n \u00e7al\u0131\u015fanlar\u0131na d\u00fczenli aral\u0131klarla ald\u0131rmas\u0131 gereken e\u011fitimdir. Kobilerin artan siber g\u00fcvenlik tehditlerinden korunmak i\u00e7in en \u00f6nemli kaynaklar\u0131 olan \u00e7al\u0131\u015fanlar\u0131n\u0131 bilin\u00e7lendirilmesi, ne yapacaklar\u0131 konusunda y\u00f6nlendirilmesi ve bildirim yapmalar\u0131n\u0131 sa\u011flamas\u0131 gerekmektedir. Kurumunuza \u00f6zel e\u011fitim i\u00e7eri\u011fi ve yapaca\u011f\u0131m\u0131z \u00e7al\u0131\u015fmalarla ilgili l\u00fctfen ileti\u015fime ge\u00e7in.<\/p>\n\n\n\n<p><\/p>\n\n\n\n<p class=\"ext-animate--on\" style=\"margin-top:1.5rem\"><\/p>\n<\/div>\n\n\n\n<div class=\"wp-block-column is-vertically-aligned-center is-layout-flow wp-block-column-is-layout-flow\">\n<figure class=\"wp-block-gallery has-nested-images columns-default is-cropped wp-block-gallery-3 is-layout-flex wp-block-gallery-is-layout-flex\">\n<figure class=\"wp-block-image size-large is-style-ext-preset--image--natural-1--image-1--content-right ext-animate--on is-style-ext-preset--image--natural-1--image-1--content-right--2\"><img decoding=\"async\" width=\"1024\" height=\"578\" data-id=\"207\" src=\"https:\/\/www.dekode.com.tr\/wp-content\/uploads\/2026\/04\/Bilgi-Guvenligi-Farkindalik-Egitimi-1024x578.jpg\" alt=\"\" class=\"wp-image-207\" style=\"object-fit:cover\" srcset=\"https:\/\/www.dekode.com.tr\/wp-content\/uploads\/2026\/04\/Bilgi-Guvenligi-Farkindalik-Egitimi-1024x578.jpg 1024w, https:\/\/www.dekode.com.tr\/wp-content\/uploads\/2026\/04\/Bilgi-Guvenligi-Farkindalik-Egitimi-300x169.jpg 300w, https:\/\/www.dekode.com.tr\/wp-content\/uploads\/2026\/04\/Bilgi-Guvenligi-Farkindalik-Egitimi-18x10.jpg 18w, https:\/\/www.dekode.com.tr\/wp-content\/uploads\/2026\/04\/Bilgi-Guvenligi-Farkindalik-Egitimi.jpg 1250w\" sizes=\"(max-width: 1024px) 100vw, 1024px\" \/><\/figure>\n<\/figure>\n<\/div>\n<\/div>\n\n\n\n<div class=\"wp-block-columns alignwide are-vertically-aligned-center is-layout-flex wp-container-core-columns-is-layout-174606dc wp-block-columns-is-layout-flex\">\n<div class=\"wp-block-column is-vertically-aligned-center is-layout-flow wp-block-column-is-layout-flow\">\n<figure class=\"wp-block-gallery has-nested-images columns-default is-cropped wp-block-gallery-5 is-layout-flex wp-block-gallery-is-layout-flex\">\n<figure class=\"wp-block-image size-large is-style-ext-preset--image--natural-1--image-1--content-right ext-animate--on is-style-ext-preset--image--natural-1--image-1--content-right--4\"><img decoding=\"async\" width=\"1024\" height=\"1024\" data-id=\"208\" src=\"https:\/\/www.dekode.com.tr\/wp-content\/uploads\/2026\/04\/image-1.jpg\" alt=\"\" class=\"wp-image-208\" style=\"object-fit:cover\" srcset=\"https:\/\/www.dekode.com.tr\/wp-content\/uploads\/2026\/04\/image-1.jpg 1024w, https:\/\/www.dekode.com.tr\/wp-content\/uploads\/2026\/04\/image-1-300x300.jpg 300w, https:\/\/www.dekode.com.tr\/wp-content\/uploads\/2026\/04\/image-1-150x150.jpg 150w, https:\/\/www.dekode.com.tr\/wp-content\/uploads\/2026\/04\/image-1-12x12.jpg 12w\" sizes=\"(max-width: 1024px) 100vw, 1024px\" \/><\/figure>\n<\/figure>\n<\/div>\n\n\n\n<div class=\"wp-block-column is-vertically-aligned-center is-layout-flow wp-block-column-is-layout-flow\">\n<h2 class=\"wp-block-heading ext-animate--on\">Digitalization<\/h2>\n\n\n\n<p class=\"ext-animate--on\" style=\"margin-top:1.5rem\">Kurumlar s\u00fcre\u00e7lerini desteklemek i\u00e7in bir \u00e7ok \u00e7\u00f6z\u00fcm\u00fc kuruma kazand\u0131rabilirler. Lisansl\u0131, community edition, bulutta \u00e7al\u0131\u015fan bir \u00e7ok \u00e7\u00f6z\u00fcm var.<\/p>\n\n\n\n<ul class=\"wp-block-list\">\n<li>Which solutions are right for you?<\/li>\n\n\n\n<li>Where should I start?<\/li>\n\n\n\n<li>Should I get a solution that includes all the solutions, or should I buy them separately?<\/li>\n\n\n\n<li>Are my data safe?<\/li>\n\n\n\n<li>I have a backup, but will it work?<\/li>\n<\/ul>\n\n\n\n<p>Dekode Siber Bili\u015fim olarak dijitalle\u015fme yolculunuzda dijital olgunluk analizi ile ba\u015flay\u0131p, ad\u0131mlar\u0131 projelendirip sizlerle birlikte kurumuza katma de\u011ferli hizmet vermeyi planl\u0131yoruz.<\/p>\n\n\n\n<p class=\"ext-animate--on\" style=\"margin-top:1.5rem\"><\/p>\n\n\n\n<p class=\"ext-animate--on\" style=\"margin-top:1.5rem\"><\/p>\n\n\n\n<p class=\"ext-animate--on\" style=\"margin-top:1.5rem\"><\/p>\n<\/div>\n<\/div>\n\n\n\n<div class=\"wp-block-columns alignwide are-vertically-aligned-center is-layout-flex wp-container-core-columns-is-layout-174606dc wp-block-columns-is-layout-flex\">\n<div class=\"wp-block-column is-vertically-aligned-center is-layout-flow wp-block-column-is-layout-flow\">\n<h2 class=\"wp-block-heading ext-animate--on\">Personal Information Security<\/h2>\n\n\n\n<ul class=\"wp-block-list\">\n<li>Ki\u015fisel bilgi g\u00fcvenli\u011fi \u00f6nlemleri i\u00e7in neler yapabilirim?<\/li>\n<\/ul>\n\n\n\n<ul class=\"wp-block-list\">\n<li>What settings do I need to configure on my mobile phone?<\/li>\n<\/ul>\n\n\n\n<ul class=\"wp-block-list\">\n<li>\u00c7ok reklam \u00e7\u0131k\u0131yor nas\u0131l kapat\u0131l\u0131r?<\/li>\n<\/ul>\n\n\n\n<ul class=\"wp-block-list\">\n<li>Is my profile and information visible to everyone?<\/li>\n<\/ul>\n\n\n\n<p>Bu e\u011fitim ve daha fazlas\u0131na youtube kanal\u0131m\u0131zdan eri\u015febilirsiniz.<\/p>\n\n\n\n<p><a href=\"https:\/\/www.youtube.com\/@DekodeSiberBili%C5%9Fim\" target=\"_blank\" rel=\"noopener\" title=\"\">https:\/\/www.youtube.com\/@DekodeSiberBili\u015fim<\/a><\/p>\n\n\n\n<p class=\"ext-animate--on\" style=\"margin-top:1.5rem\"><\/p>\n\n\n\n<p class=\"ext-animate--on\" style=\"margin-top:1.5rem\"><\/p>\n\n\n\n<p class=\"ext-animate--on\" style=\"margin-top:1.5rem\"><\/p>\n<\/div>\n\n\n\n<div class=\"wp-block-column is-vertically-aligned-center is-layout-flow wp-block-column-is-layout-flow\">\n<figure class=\"wp-block-gallery has-nested-images columns-default is-cropped wp-block-gallery-7 is-layout-flex wp-block-gallery-is-layout-flex\">\n<figure class=\"wp-block-image size-large is-style-ext-preset--image--natural-1--image-1--content-right ext-animate--on is-style-ext-preset--image--natural-1--image-1--content-right--6\"><img decoding=\"async\" width=\"1024\" height=\"1024\" data-id=\"210\" src=\"https:\/\/www.dekode.com.tr\/wp-content\/uploads\/2026\/04\/image-2.jpg\" alt=\"\" class=\"wp-image-210\" style=\"object-fit:cover\" srcset=\"https:\/\/www.dekode.com.tr\/wp-content\/uploads\/2026\/04\/image-2.jpg 1024w, https:\/\/www.dekode.com.tr\/wp-content\/uploads\/2026\/04\/image-2-300x300.jpg 300w, https:\/\/www.dekode.com.tr\/wp-content\/uploads\/2026\/04\/image-2-150x150.jpg 150w, https:\/\/www.dekode.com.tr\/wp-content\/uploads\/2026\/04\/image-2-12x12.jpg 12w\" sizes=\"(max-width: 1024px) 100vw, 1024px\" \/><\/figure>\n<\/figure>\n<\/div>\n<\/div>\n\n\n\n<p><\/p>\n\n\n\n<div class=\"wp-block-group alignfull is-style-ext-preset--group--natural-1--section has-background-background-color has-background has-global-padding is-layout-constrained wp-container-core-group-is-layout-f72f1611 wp-block-group-is-layout-constrained is-style-ext-preset--group--natural-1--section--8\" style=\"margin-top:0;margin-bottom:0;padding-top:var(--wp--preset--spacing--70);padding-bottom:var(--wp--preset--spacing--70)\">\n<div class=\"wp-block-group alignwide ext-is-logical-start has-global-padding is-content-justification-left is-layout-constrained wp-container-core-group-is-layout-6729bdbe wp-block-group-is-layout-constrained\">\n<h2 class=\"wp-block-heading ext-animate--on\">Explore our Professional Training Programs<\/h2>\n\n\n\n<p class=\"has-text-align-left ext-animate--on\">At Dekode Cyber \u200b\u200bIT Consulting, we enhance the knowledge and skills of your employees with our industry-leading training solutions tailored specifically to your company.<\/p>\n<\/div>\n\n\n\n<div class=\"wp-block-columns alignwide is-layout-flex wp-container-core-columns-is-layout-08c01c1c wp-block-columns-is-layout-flex\">\n<div class=\"wp-block-column is-vertically-aligned-stretch ext-animate--on is-layout-flow wp-container-core-column-is-layout-f5bb311e wp-block-column-is-layout-flow\">\n<div class=\"wp-block-group is-style-ext-preset--group--natural-1--item-card-1--align-start has-global-padding is-layout-constrained wp-block-group-is-layout-constrained is-style-ext-preset--group--natural-1--item-card-1--align-start--9\">\n<div class=\"wp-block-group is-style-default has-global-padding is-layout-constrained wp-block-group-is-layout-constrained\">\n<figure class=\"wp-block-image size-large ext-aspect-landscape wp-duotone-primary-foreground\"><img decoding=\"async\" src=\"data:image\/svg+xml;base64,PHN2ZyB4bWxucz0iaHR0cDovL3d3dy53My5vcmcvMjAwMC9zdmciIHdpZHRoPSI0OCIgaGVpZ2h0PSI0OCIgZmlsbD0iIzAwMDAwMCIgdmlld0JveD0iMCAwIDI1NiAyNTYiPjxwYXRoIGQ9Ik0xNzIsNzZhNDQsNDQsMCwxLDAtNDQsNDRBNDQuMDUsNDQuMDUsMCwwLDAsMTcyLDc2Wm0tNDQsMjhhMjgsMjgsMCwxLDEsMjgtMjhBMjgsMjgsMCwwLDEsMTI4LDEwNFptNjAsMjRhNDQsNDQsMCwxLDAsNDQsNDRBNDQuMDUsNDQuMDUsMCwwLDAsMTg4LDEyOFptMCw3MmEyOCwyOCwwLDEsMSwyOC0yOEEyOCwyOCwwLDAsMSwxODgsMjAwWk02OCwxMjhhNDQsNDQsMCwxLDAsNDQsNDRBNDQuMDUsNDQuMDUsMCwwLDAsNjgsMTI4Wm0wLDcyYTI4LDI4LDAsMSwxLDI4LTI4QTI4LDI4LDAsMCwxLDY4LDIwMFoiPjwvcGF0aD48L3N2Zz4=\" alt=\"\" style=\"object-fit:cover\"\/><\/figure>\n\n\n\n<h3 class=\"wp-block-heading\">Expert Instructor Staff<\/h3>\n\n\n\n<p>Our experienced instructors provide effective training equipped with up-to-date information.<\/p>\n<\/div>\n<\/div>\n<\/div>\n\n\n\n<div class=\"wp-block-column is-vertically-aligned-stretch ext-animate--on is-layout-flow wp-container-core-column-is-layout-f5bb311e wp-block-column-is-layout-flow\">\n<div class=\"wp-block-group is-style-ext-preset--group--natural-1--item-card-1--align-start has-global-padding is-layout-constrained wp-block-group-is-layout-constrained is-style-ext-preset--group--natural-1--item-card-1--align-start--10\">\n<div class=\"wp-block-group is-style-default has-global-padding is-layout-constrained wp-block-group-is-layout-constrained\">\n<figure class=\"wp-block-image size-large ext-aspect-landscape wp-duotone-primary-foreground\"><img decoding=\"async\" src=\"data:image\/svg+xml;base64,PHN2ZyB4bWxucz0iaHR0cDovL3d3dy53My5vcmcvMjAwMC9zdmciIHdpZHRoPSI0OCIgaGVpZ2h0PSI0OCIgZmlsbD0iIzAwMDAwMCIgdmlld0JveD0iMCAwIDI1NiAyNTYiPjxwYXRoIGQ9Ik04MCw0MGE0MCw0MCwwLDEsMCw0MCw0MEE0MCw0MCwwLDAsMCw4MCw0MFptMCw2NGEyNCwyNCwwLDEsMSwyNC0yNEEyNCwyNCwwLDAsMSw4MCwxMDRabTk2LDE2YTQwLDQwLDAsMSwwLTQwLTQwQTQwLDQwLDAsMCwwLDE3NiwxMjBabTAtNjRhMjQsMjQsMCwxLDEtMjQsMjRBMjQsMjQsMCwwLDEsMTc2LDU2Wk04MCwxMzZhNDAsNDAsMCwxLDAsNDAsNDBBNDAsNDAsMCwwLDAsODAsMTM2Wm0wLDY0YTI0LDI0LDAsMSwxLDI0LTI0QTI0LDI0LDAsMCwxLDgwLDIwMFptOTYtNjRhNDAsNDAsMCwxLDAsNDAsNDBBNDAsNDAsMCwwLDAsMTc2LDEzNlptMCw2NGEyNCwyNCwwLDEsMSwyNC0yNEEyNCwyNCwwLDAsMSwxNzYsMjAwWiI+PC9wYXRoPjwvc3ZnPg==\" alt=\"\" style=\"object-fit:cover\"\/><\/figure>\n\n\n\n<h3 class=\"wp-block-heading\">Comprehensive Training Content<\/h3>\n\n\n\n<p>We provide training modules tailored to a wide range of needs, from cybersecurity to data management.<\/p>\n<\/div>\n<\/div>\n<\/div>\n\n\n\n<div class=\"wp-block-column is-vertically-aligned-stretch ext-animate--on is-layout-flow wp-container-core-column-is-layout-f5bb311e wp-block-column-is-layout-flow\">\n<div class=\"wp-block-group is-style-ext-preset--group--natural-1--item-card-1--align-start has-global-padding is-layout-constrained wp-block-group-is-layout-constrained is-style-ext-preset--group--natural-1--item-card-1--align-start--11\">\n<div class=\"wp-block-group is-style-default has-global-padding is-layout-constrained wp-block-group-is-layout-constrained\">\n<figure class=\"wp-block-image size-large ext-aspect-landscape wp-duotone-primary-foreground\"><img decoding=\"async\" src=\"data:image\/svg+xml;base64,PHN2ZyB4bWxucz0iaHR0cDovL3d3dy53My5vcmcvMjAwMC9zdmciIHdpZHRoPSI0OCIgaGVpZ2h0PSI0OCIgZmlsbD0iIzAwMDAwMCIgdmlld0JveD0iMCAwIDI1NiAyNTYiPjxwYXRoIGQ9Ik04MCw0MGE0MCw0MCwwLDEsMCw0MCw0MEE0MCw0MCwwLDAsMCw4MCw0MFptMCw2NGEyNCwyNCwwLDEsMSwyNC0yNEEyNCwyNCwwLDAsMSw4MCwxMDRabTk2LDE2YTQwLDQwLDAsMSwwLTQwLTQwQTQwLDQwLDAsMCwwLDE3NiwxMjBabTAtNjRhMjQsMjQsMCwxLDEtMjQsMjRBMjQsMjQsMCwwLDEsMTc2LDU2Wk04MCwxMzZhNDAsNDAsMCwxLDAsNDAsNDBBNDAsNDAsMCwwLDAsODAsMTM2Wm0wLDY0YTI0LDI0LDAsMSwxLDI0LTI0QTI0LDI0LDAsMCwxLDgwLDIwMFptMTM2LTI0YTgsOCwwLDAsMS04LDhIMTg0djI0YTgsOCwwLDAsMS0xNiwwVjE4NEgxNDRhOCw4LDAsMCwxLDAtMTZoMjRWMTQ0YTgsOCwwLDAsMSwxNiwwdjI0aDI0QTgsOCwwLDAsMSwyMTYsMTc2WiI+PC9wYXRoPjwvc3ZnPg==\" alt=\"\" style=\"object-fit:cover\"\/><\/figure>\n\n\n\n<h3 class=\"wp-block-heading\">Flexible Training Formats<\/h3>\n\n\n\n<p>We offer flexible training options tailored to your company, conducted either on-site or online.<\/p>\n<\/div>\n<\/div>\n<\/div>\n<\/div>\n<\/div>","protected":false},"excerpt":{"rendered":"<p>Profesyonel Geli\u015fim \u0130\u00e7in E\u011fitim ve Dan\u0131\u015fmanl\u0131k Hizmetlerimiz Dekode Siber Bili\u015fim Dan\u0131\u015fmanl\u0131k olarak, kurumlar\u0131n \u00e7al\u0131\u015fanlar\u0131na \u00f6zel profesyonel e\u011fitim programlar\u0131 sunuyor; bilgi ve yetkinliklerini art\u0131rmay\u0131 hedefliyoruz. E\u011fitimlerimiz, sekt\u00f6r\u00fcn g\u00fcncel ihtiya\u00e7lar\u0131na uygun, uygulamal\u0131 ve etkili \u00e7\u00f6z\u00fcmler sa\u011flar. G\u00fcvenli Kod Geli\u015ftirme E\u011fitimi G\u00fcvenli Kod geli\u015ftirme konusunda 20 dakikal\u0131k tan\u0131t\u0131m Video ba\u011flant\u0131s\u0131 \u00fcsttedir. Ayr\u0131nt\u0131l\u0131 E\u011fitimimiz 2,5 -3 g\u00fcn s\u00fcrmekte ve [&hellip;]<\/p>\n","protected":false},"author":2,"featured_media":0,"parent":0,"menu_order":0,"comment_status":"closed","ping_status":"closed","template":"page-with-title","meta":{"_monsterinsights_skip_tracking":false,"_monsterinsights_sitenote_active":false,"_monsterinsights_sitenote_note":"","_monsterinsights_sitenote_category":0,"footnotes":""},"class_list":["post-200","page","type-page","status-publish","hentry"],"aioseo_notices":[],"_links":{"self":[{"href":"https:\/\/www.dekode.com.tr\/en\/wp-json\/wp\/v2\/pages\/200","targetHints":{"allow":["GET"]}}],"collection":[{"href":"https:\/\/www.dekode.com.tr\/en\/wp-json\/wp\/v2\/pages"}],"about":[{"href":"https:\/\/www.dekode.com.tr\/en\/wp-json\/wp\/v2\/types\/page"}],"author":[{"embeddable":true,"href":"https:\/\/www.dekode.com.tr\/en\/wp-json\/wp\/v2\/users\/2"}],"replies":[{"embeddable":true,"href":"https:\/\/www.dekode.com.tr\/en\/wp-json\/wp\/v2\/comments?post=200"}],"version-history":[{"count":2,"href":"https:\/\/www.dekode.com.tr\/en\/wp-json\/wp\/v2\/pages\/200\/revisions"}],"predecessor-version":[{"id":234,"href":"https:\/\/www.dekode.com.tr\/en\/wp-json\/wp\/v2\/pages\/200\/revisions\/234"}],"wp:attachment":[{"href":"https:\/\/www.dekode.com.tr\/en\/wp-json\/wp\/v2\/media?parent=200"}],"curies":[{"name":"wp","href":"https:\/\/api.w.org\/{rel}","templated":true}]}}