{"id":47,"date":"2026-02-11T13:19:46","date_gmt":"2026-02-11T10:19:46","guid":{"rendered":"https:\/\/www.dekode.com.tr\/hakkimizda\/"},"modified":"2026-02-11T14:44:58","modified_gmt":"2026-02-11T11:44:58","slug":"hakkimizda","status":"publish","type":"page","link":"https:\/\/www.dekode.com.tr\/en\/hakkimizda\/","title":{"rendered":"About Us"},"content":{"rendered":"<div class=\"wp-block-group alignfull is-style-ext-preset--group--natural-1--section has-background-background-color has-background has-global-padding is-layout-constrained wp-block-group-is-layout-constrained is-style-ext-preset--group--natural-1--section--1\" id=\"hakkimizda\" style=\"margin-top:0;margin-bottom:0;padding-top:var(--wp--preset--spacing--70);padding-bottom:var(--wp--preset--spacing--70)\">\n<div class=\"wp-block-group alignwide is-vertical is-content-justification-center is-layout-flex wp-container-core-group-is-layout-c9ee0c5a wp-block-group-is-layout-flex\">\n<div class=\"wp-block-group has-global-padding is-layout-constrained wp-container-core-group-is-layout-2287c683 wp-block-group-is-layout-constrained\">\n<h2 class=\"wp-block-heading has-text-align-center\">Who Are We?<\/h2>\n\n\n\n<p class=\"has-text-align-center\">DEKODE's aim is to help companies and organizations develop professionally and socially. It has a team of professionals dedicated to providing qualified consulting, support, and auditing services throughout T\u00fcrkiye.<\/p>\n<\/div>\n<\/div>\n<\/div>\n\n\n\n<div class=\"wp-block-group alignfull is-style-ext-preset--group--natural-1--section has-tertiary-background-color has-background has-global-padding is-layout-constrained wp-container-core-group-is-layout-e955bbaf wp-block-group-is-layout-constrained is-style-ext-preset--group--natural-1--section--2\" style=\"margin-top:0;margin-bottom:0;padding-top:var(--wp--preset--spacing--70);padding-bottom:var(--wp--preset--spacing--70)\">\n<div class=\"wp-block-group alignwide is-vertical is-content-justification-center is-layout-flex wp-container-core-group-is-layout-c9ee0c5a wp-block-group-is-layout-flex\">\n<div class=\"wp-block-group has-global-padding is-layout-constrained wp-container-core-group-is-layout-5e05634a wp-block-group-is-layout-constrained\">\n<h2 class=\"wp-block-heading has-text-align-center\">Services<\/h2>\n\n\n\n<p class=\"has-text-align-center\">DEKODE works to add value to companies in 5 main business areas: <\/p>\n\n\n\n<ul class=\"wp-block-list\">\n<li>Process Consulting<\/li>\n\n\n\n<li>IT Services<\/li>\n\n\n\n<li>Cybersecurity Services<\/li>\n\n\n\n<li>ERP Management Systems Consulting\nDigital<\/li>\n\n\n\n<li>Transformation Gap Analysis\/Consulting<\/li>\n<\/ul>\n<\/div>\n<\/div>\n<\/div>\n\n\n\n<div class=\"wp-block-group alignfull is-style-ext-preset--group--natural-1--section has-tertiary-background-color has-background has-global-padding is-layout-constrained wp-container-core-group-is-layout-e955bbaf wp-block-group-is-layout-constrained is-style-ext-preset--group--natural-1--section--3\" style=\"margin-top:0;margin-bottom:0;padding-top:var(--wp--preset--spacing--70);padding-bottom:var(--wp--preset--spacing--70)\">\n<div class=\"wp-block-group alignwide is-vertical is-content-justification-center is-layout-flex wp-container-core-group-is-layout-c9ee0c5a wp-block-group-is-layout-flex\">\n<div class=\"wp-block-group has-global-padding is-layout-constrained wp-container-core-group-is-layout-5e05634a wp-block-group-is-layout-constrained\">\n<h2 class=\"wp-block-heading has-text-align-center\">Our Team<\/h2>\n\n\n\n<p class=\"has-text-align-center\">It consists of competent experts who have served in the defense, telecommunications, and public sectors for over 25 years and worked on projects in various fields.<\/p>\n<\/div>\n<\/div>\n<\/div>\n<\/div>\n<!-- \/wp:post-content -->","protected":false},"excerpt":{"rendered":"<p>Biz Kimiz? DEKODE&#8217;nin amac\u0131, \u015firketlerin ve kurulu\u015flar\u0131n profesyonel ve sosyal olarak geli\u015fmesine yard\u0131mc\u0131 olmakt\u0131r. T\u00fcrkiye genelinde nitelikli dan\u0131\u015fmanl\u0131k, destek ve denetim hizmetleri sunmaya kendini adam\u0131\u015f profesyonellerden olu\u015fan bir ekibe sahiptir. Servisler DEKODE 5 ana i\u015f kolunda \u015firketlere de\u011fer katmak i\u00e7in \u00e7al\u0131\u015fmaktad\u0131r; Ekibimiz Savunma, Telekom ve Kamu sekt\u00f6rlerinde 25 seneden fazla hizmet vermi\u015f ve farkl\u0131 alanlardaki [&hellip;]<\/p>\n","protected":false},"author":1,"featured_media":0,"parent":0,"menu_order":0,"comment_status":"closed","ping_status":"closed","template":"page-with-title","meta":{"_monsterinsights_skip_tracking":false,"_monsterinsights_sitenote_active":false,"_monsterinsights_sitenote_note":"","_monsterinsights_sitenote_category":0,"footnotes":""},"class_list":["post-47","page","type-page","status-publish","hentry"],"aioseo_notices":[],"_links":{"self":[{"href":"https:\/\/www.dekode.com.tr\/en\/wp-json\/wp\/v2\/pages\/47","targetHints":{"allow":["GET"]}}],"collection":[{"href":"https:\/\/www.dekode.com.tr\/en\/wp-json\/wp\/v2\/pages"}],"about":[{"href":"https:\/\/www.dekode.com.tr\/en\/wp-json\/wp\/v2\/types\/page"}],"author":[{"embeddable":true,"href":"https:\/\/www.dekode.com.tr\/en\/wp-json\/wp\/v2\/users\/1"}],"replies":[{"embeddable":true,"href":"https:\/\/www.dekode.com.tr\/en\/wp-json\/wp\/v2\/comments?post=47"}],"version-history":[{"count":3,"href":"https:\/\/www.dekode.com.tr\/en\/wp-json\/wp\/v2\/pages\/47\/revisions"}],"predecessor-version":[{"id":133,"href":"https:\/\/www.dekode.com.tr\/en\/wp-json\/wp\/v2\/pages\/47\/revisions\/133"}],"wp:attachment":[{"href":"https:\/\/www.dekode.com.tr\/en\/wp-json\/wp\/v2\/media?parent=47"}],"curies":[{"name":"wp","href":"https:\/\/api.w.org\/{rel}","templated":true}]}}