{"id":50,"date":"2026-02-11T13:19:49","date_gmt":"2026-02-11T10:19:49","guid":{"rendered":"https:\/\/www.dekode.com.tr\/hizmetler\/"},"modified":"2026-04-21T12:49:55","modified_gmt":"2026-04-21T09:49:55","slug":"hizmetler","status":"publish","type":"page","link":"https:\/\/www.dekode.com.tr\/en\/hizmetler\/","title":{"rendered":"Services"},"content":{"rendered":"<div class=\"wp-block-group alignfull is-style-ext-preset--group--natural-1--section has-background-background-color has-background has-global-padding is-layout-constrained wp-container-core-group-is-layout-e955bbaf wp-block-group-is-layout-constrained is-style-ext-preset--group--natural-1--section--1\" id=\"hizmetler\" style=\"margin-top:0;margin-bottom:0;padding-top:var(--wp--preset--spacing--70);padding-bottom:var(--wp--preset--spacing--70)\">\n<div class=\"wp-block-group alignwide is-vertical is-layout-flex wp-container-core-group-is-layout-c35747d5 wp-block-group-is-layout-flex\">\n<div class=\"wp-block-group has-global-padding is-layout-constrained wp-container-core-group-is-layout-5e05634a wp-block-group-is-layout-constrained\">\n<p><\/p>\n\n\n\n<h2 class=\"wp-block-heading\">Manage your company Professionally<\/h2>\n\n\n\n<p class=\"has-text-align-left\">Our firm ensures the digital security of your business through comprehensive consultancy and support services.<\/p>\n<\/div>\n<\/div>\n\n\n\n<div class=\"wp-block-media-text is-stacked-on-mobile is-image-fill-element is-style-ext-preset--media-text--natural-1--card-1 has-tertiary-background-color has-background is-style-ext-preset--media-text--natural-1--card-1--2\"><figure class=\"wp-block-media-text__media\"><img decoding=\"async\" width=\"1440\" height=\"960\" src=\"https:\/\/www.dekode.com.tr\/wp-content\/uploads\/2026\/02\/ade2394da82df8e8cb7797c8daa6e3bc1afdc58c.jpg\" alt=\"\" class=\"wp-image-84 size-full\" style=\"object-position:50% 50%\" srcset=\"https:\/\/www.dekode.com.tr\/wp-content\/uploads\/2026\/02\/ade2394da82df8e8cb7797c8daa6e3bc1afdc58c.jpg 1440w, https:\/\/www.dekode.com.tr\/wp-content\/uploads\/2026\/02\/ade2394da82df8e8cb7797c8daa6e3bc1afdc58c-300x200.jpg 300w, https:\/\/www.dekode.com.tr\/wp-content\/uploads\/2026\/02\/ade2394da82df8e8cb7797c8daa6e3bc1afdc58c-1024x683.jpg 1024w, https:\/\/www.dekode.com.tr\/wp-content\/uploads\/2026\/02\/ade2394da82df8e8cb7797c8daa6e3bc1afdc58c-18x12.jpg 18w\" sizes=\"(max-width: 1440px) 100vw, 1440px\" \/><\/figure><div class=\"wp-block-media-text__content\">\n<div class=\"wp-block-group is-style-default has-global-padding is-layout-constrained wp-container-core-group-is-layout-9a7b35d3 wp-block-group-is-layout-constrained\" style=\"padding-top:var(--wp--preset--spacing--40);padding-right:var(--wp--preset--spacing--30);padding-bottom:var(--wp--preset--spacing--40);padding-left:var(--wp--preset--spacing--30)\">\n<h3 class=\"wp-block-heading\" style=\"font-size:clamp(15.747px, 0.984rem + ((1vw - 3.2px) * 0.86), 24px);\"><a>IT SERVICES<\/a><\/h3>\n\n\n\n<p class=\"has-small-font-size\">In line with the needs of institutions, the following services can be provided by our company, offering support either in the cloud or on-premise:<\/p>\n<\/div>\n<\/div><\/div>\n\n\n\n<ul class=\"wp-block-list\">\n<li>Installation of Virtualization Systems\/Virtual servers\/Servers<\/li>\n\n\n\n<li>Cloud computing management services<\/li>\n\n\n\n<li>User management<\/li>\n\n\n\n<li>E-mail service setup<\/li>\n\n\n\n<li>Database deployment and management (MSSQL, PostgreSQL, MongoDB, MySQL)<\/li>\n\n\n\n<li>Creation of shared storage areas<\/li>\n\n\n\n<li>Computer setups<\/li>\n\n\n\n<li>Antivirus support<\/li>\n\n\n\n<li>Installation and management of network systems<\/li>\n\n\n\n<li>Configuration of network firewalls<\/li>\n\n\n\n<li>Consultancy for the design, procurement, and deployment of complex IT infrastructure systems<\/li>\n\n\n\n<li>Data center design, development, and management<\/li>\n\n\n\n<li>Storage systems<\/li>\n\n\n\n<li>Backup systems<\/li>\n\n\n\n<li>Desktop virtualization<\/li>\n\n\n\n<li>Directory solutions<\/li>\n\n\n\n<li>Log management<\/li>\n<\/ul>\n\n\n\n<div class=\"wp-block-media-text is-stacked-on-mobile is-image-fill-element is-style-ext-preset--media-text--natural-1--card-1 has-tertiary-background-color has-background is-style-ext-preset--media-text--natural-1--card-1--3\"><figure class=\"wp-block-media-text__media\"><img decoding=\"async\" width=\"1440\" height=\"810\" src=\"https:\/\/www.dekode.com.tr\/wp-content\/uploads\/2026\/02\/5bbbbdcc60e1ae23347413e191a76e5e544151aa.jpg\" alt=\"\" class=\"wp-image-83 size-full\" style=\"object-position:50% 50%\" srcset=\"https:\/\/www.dekode.com.tr\/wp-content\/uploads\/2026\/02\/5bbbbdcc60e1ae23347413e191a76e5e544151aa.jpg 1440w, https:\/\/www.dekode.com.tr\/wp-content\/uploads\/2026\/02\/5bbbbdcc60e1ae23347413e191a76e5e544151aa-300x169.jpg 300w, https:\/\/www.dekode.com.tr\/wp-content\/uploads\/2026\/02\/5bbbbdcc60e1ae23347413e191a76e5e544151aa-1024x576.jpg 1024w, https:\/\/www.dekode.com.tr\/wp-content\/uploads\/2026\/02\/5bbbbdcc60e1ae23347413e191a76e5e544151aa-18x10.jpg 18w\" sizes=\"(max-width: 1440px) 100vw, 1440px\" \/><\/figure><div class=\"wp-block-media-text__content\">\n<div class=\"wp-block-group is-style-default has-global-padding is-layout-constrained wp-container-core-group-is-layout-9a7b35d3 wp-block-group-is-layout-constrained\" style=\"padding-top:var(--wp--preset--spacing--40);padding-right:var(--wp--preset--spacing--30);padding-bottom:var(--wp--preset--spacing--40);padding-left:var(--wp--preset--spacing--30)\">\n<h3 class=\"wp-block-heading\" style=\"font-size:clamp(15.747px, 0.984rem + ((1vw - 3.2px) * 0.86), 24px);\"><a>STANDARD\/QUALITY MANAGEMENT SYSTEMS CONSULTANCY SERVICES<\/a><\/h3>\n\n\n\n<p class=\"has-small-font-size\">The following consultancy services can be provided for standards such as ISO 27001 Information Security, Cyber Hygiene, Digital Transformation Office Information Security Guide, ISO 50001 Energy Management System, and KVKK (Personal Data Protection Law):<\/p>\n<\/div>\n<\/div><\/div>\n\n\n\n<ul class=\"wp-block-list\">\n<li>Conducting gap analysis<\/li>\n\n\n\n<li>Reviewing processes<\/li>\n\n\n\n<li>Preparation of the Project Plan based on the identified gaps<\/li>\n\n\n\n<li>Providing necessary training (such as Information Security Awareness Training)<\/li>\n\n\n\n<li>Documenting changes to be made in processes<\/li>\n\n\n\n<li>Change management and commissioning of systems in line with the project plan<\/li>\n\n\n\n<li>Conducting interim audits and reviewing deficiencies according to the standard requirements<\/li>\n<\/ul>\n\n\n\n<div class=\"wp-block-media-text is-stacked-on-mobile is-image-fill-element is-style-ext-preset--media-text--natural-1--card-1 has-tertiary-background-color has-background is-style-ext-preset--media-text--natural-1--card-1--4\"><figure class=\"wp-block-media-text__media\"><img decoding=\"async\" width=\"1440\" height=\"960\" src=\"https:\/\/www.dekode.com.tr\/wp-content\/uploads\/2026\/02\/2030759bf7e6623d7b1a1bd35d3ca51ff10b256f.jpg\" alt=\"\" class=\"wp-image-85 size-full\" style=\"object-position:50% 50%\" srcset=\"https:\/\/www.dekode.com.tr\/wp-content\/uploads\/2026\/02\/2030759bf7e6623d7b1a1bd35d3ca51ff10b256f.jpg 1440w, https:\/\/www.dekode.com.tr\/wp-content\/uploads\/2026\/02\/2030759bf7e6623d7b1a1bd35d3ca51ff10b256f-300x200.jpg 300w, https:\/\/www.dekode.com.tr\/wp-content\/uploads\/2026\/02\/2030759bf7e6623d7b1a1bd35d3ca51ff10b256f-1024x683.jpg 1024w, https:\/\/www.dekode.com.tr\/wp-content\/uploads\/2026\/02\/2030759bf7e6623d7b1a1bd35d3ca51ff10b256f-18x12.jpg 18w\" sizes=\"(max-width: 1440px) 100vw, 1440px\" \/><\/figure><div class=\"wp-block-media-text__content\">\n<div class=\"wp-block-group is-style-default has-global-padding is-layout-constrained wp-container-core-group-is-layout-9a7b35d3 wp-block-group-is-layout-constrained\" style=\"padding-top:var(--wp--preset--spacing--40);padding-right:var(--wp--preset--spacing--30);padding-bottom:var(--wp--preset--spacing--40);padding-left:var(--wp--preset--spacing--30)\">\n<h3 class=\"wp-block-heading\" style=\"font-size:clamp(15.747px, 0.984rem + ((1vw - 3.2px) * 0.86), 24px);\"><a>CYBERSECURITY SERVICES<\/a><\/h3>\n\n\n\n<p class=\"has-small-font-size\">Our consultants are individuals who have worked in corporate firms for 25 years and have installed and operated many cybersecurity products; within this scope, the following services can be provided according to the needs of the firm:<\/p>\n<\/div>\n<\/div><\/div>\n\n\n\n<ul class=\"wp-block-list\">\n<li>External\/Internal network penetration testing<\/li>\n\n\n\n<li>SOC management design services<\/li>\n\n\n\n<li>Application security consultancy<\/li>\n\n\n\n<li>Vulnerability management (Product or System evaluation, identifying vulnerabilities) and reporting<\/li>\n\n\n\n<li>Providing Digital Forensics support for data recovery<\/li>\n\n\n\n<li>Reviewing and managing security product policies and configurations<\/li>\n\n\n\n<li>Cybersecurity status assessment for the institution or product<\/li>\n\n\n\n<li>Cyber resilience assessment and improvement services<\/li>\n\n\n\n<li>Evaluation, procurement, installation, and management of cybersecurity solutions such as FW, NGFW, WAF, AV, PAM, DLP, NAC, SIEM, etc.<\/li>\n<\/ul>\n\n\n\n<div class=\"wp-block-media-text is-stacked-on-mobile is-image-fill-element is-style-ext-preset--media-text--natural-1--card-1 has-tertiary-background-color has-background is-style-ext-preset--media-text--natural-1--card-1--5\"><figure class=\"wp-block-media-text__media\"><img decoding=\"async\" width=\"1440\" height=\"960\" src=\"https:\/\/www.dekode.com.tr\/wp-content\/uploads\/2026\/02\/7bfc1b55bf0c72b779c70cad2f621ddef434175b.jpg\" alt=\"\" class=\"wp-image-86 size-full\" style=\"object-position:50% 50%\" srcset=\"https:\/\/www.dekode.com.tr\/wp-content\/uploads\/2026\/02\/7bfc1b55bf0c72b779c70cad2f621ddef434175b.jpg 1440w, https:\/\/www.dekode.com.tr\/wp-content\/uploads\/2026\/02\/7bfc1b55bf0c72b779c70cad2f621ddef434175b-300x200.jpg 300w, https:\/\/www.dekode.com.tr\/wp-content\/uploads\/2026\/02\/7bfc1b55bf0c72b779c70cad2f621ddef434175b-1024x683.jpg 1024w, https:\/\/www.dekode.com.tr\/wp-content\/uploads\/2026\/02\/7bfc1b55bf0c72b779c70cad2f621ddef434175b-18x12.jpg 18w\" sizes=\"(max-width: 1440px) 100vw, 1440px\" \/><\/figure><div class=\"wp-block-media-text__content\">\n<div class=\"wp-block-group is-style-default has-global-padding is-layout-constrained wp-container-core-group-is-layout-9a7b35d3 wp-block-group-is-layout-constrained\" style=\"padding-top:var(--wp--preset--spacing--40);padding-right:var(--wp--preset--spacing--30);padding-bottom:var(--wp--preset--spacing--40);padding-left:var(--wp--preset--spacing--30)\">\n<h3 class=\"wp-block-heading\" style=\"font-size:clamp(15.747px, 0.984rem + ((1vw - 3.2px) * 0.86), 24px);\"><a>ERP CONSULTANCY<\/a><\/h3>\n\n\n\n<p class=\"has-small-font-size\">Our consultants are individuals who have taken part in the ERP installations of defense industry firms and have successfully completed ERP projects; within this scope, the following services can be provided:<\/p>\n<\/div>\n<\/div><\/div>\n\n\n\n<ul class=\"wp-block-list\">\n<li>Identifying ERP needs by analyzing processes, creating ERP project specifications, and researching and evaluating ERP solutions<\/li>\n\n\n\n<li>Serving as the Project Manager for the ERP solution to be installed according to the firm's needs and controlling the entire flow of the project<\/li>\n\n\n\n<li class=\"is-style-ext-preset--media-text--natural-1--card-1 has-tertiary-background-color has-background\">Installing the ERP solution determined by the firm, integrating it with other solutions, and commissioning it<\/li>\n\n\n\n<li>Providing Module consultancy in line with the firm's module needs and shaping the ERP solution according to requirements<\/li>\n\n\n\n<li>Determining the solution according to the firm's needs and ensuring data flow between modules and systems<\/li>\n<\/ul>\n\n\n\n<div class=\"wp-block-media-text is-stacked-on-mobile is-image-fill-element is-style-ext-preset--media-text--natural-1--card-1 has-tertiary-background-color has-background is-style-ext-preset--media-text--natural-1--card-1--6\"><figure class=\"wp-block-media-text__media\"><img decoding=\"async\" width=\"1024\" height=\"683\" src=\"https:\/\/www.dekode.com.tr\/wp-content\/uploads\/2026\/02\/292f9d7e544e5f5f921625759829af7e378a842b-1024x683.jpg\" alt=\"\" class=\"wp-image-107 size-full\" style=\"object-position:50% 50%\" srcset=\"https:\/\/www.dekode.com.tr\/wp-content\/uploads\/2026\/02\/292f9d7e544e5f5f921625759829af7e378a842b-1024x683.jpg 1024w, https:\/\/www.dekode.com.tr\/wp-content\/uploads\/2026\/02\/292f9d7e544e5f5f921625759829af7e378a842b-300x200.jpg 300w, https:\/\/www.dekode.com.tr\/wp-content\/uploads\/2026\/02\/292f9d7e544e5f5f921625759829af7e378a842b-18x12.jpg 18w, https:\/\/www.dekode.com.tr\/wp-content\/uploads\/2026\/02\/292f9d7e544e5f5f921625759829af7e378a842b.jpg 1440w\" sizes=\"(max-width: 1024px) 100vw, 1024px\" \/><\/figure><div class=\"wp-block-media-text__content\">\n<div class=\"wp-block-group is-style-default has-global-padding is-layout-constrained wp-container-core-group-is-layout-9a7b35d3 wp-block-group-is-layout-constrained\" style=\"padding-top:var(--wp--preset--spacing--40);padding-right:var(--wp--preset--spacing--30);padding-bottom:var(--wp--preset--spacing--40);padding-left:var(--wp--preset--spacing--30)\">\n<h3 class=\"wp-block-heading\" style=\"font-size:clamp(15.747px, 0.984rem + ((1vw - 3.2px) * 0.86), 24px);\"><a>DIGITAL TRANSFORMATION GAP ANALYSIS<\/a><\/h3>\n\n\n\n<p class=\"has-small-font-size\">Our consultants provide the necessary services by prioritizing transformation and digitalization in line with the needs of the institution and its processes.<\/p>\n<\/div>\n<\/div><\/div>\n\n\n\n<ul class=\"wp-block-list\">\n<li>The Digital Maturity Level of the institution is reported using 5 main categories and 108 control items in line with the institution's needs.<\/li>\n\n\n\n<li>To determine the Information Security level, the company's Information Security Level is identified and reported using 15 Main Categories and 88 control items.<\/li>\n<\/ul>\n\n\n\n<div class=\"wp-block-media-text is-stacked-on-mobile is-image-fill-element is-style-ext-preset--media-text--natural-1--card-1 has-tertiary-background-color has-background is-style-ext-preset--media-text--natural-1--card-1--7\"><figure class=\"wp-block-media-text__media\"><img decoding=\"async\" width=\"683\" height=\"1024\" src=\"https:\/\/www.dekode.com.tr\/wp-content\/uploads\/2026\/02\/ad4a7a9e98786fd01a32e2bb82ad02c6c0f18f7a-683x1024.jpg\" alt=\"\" class=\"wp-image-76 size-full\" style=\"object-position:50% 50%\" srcset=\"https:\/\/www.dekode.com.tr\/wp-content\/uploads\/2026\/02\/ad4a7a9e98786fd01a32e2bb82ad02c6c0f18f7a-683x1024.jpg 683w, https:\/\/www.dekode.com.tr\/wp-content\/uploads\/2026\/02\/ad4a7a9e98786fd01a32e2bb82ad02c6c0f18f7a-200x300.jpg 200w, https:\/\/www.dekode.com.tr\/wp-content\/uploads\/2026\/02\/ad4a7a9e98786fd01a32e2bb82ad02c6c0f18f7a-1024x1536.jpg 1024w, https:\/\/www.dekode.com.tr\/wp-content\/uploads\/2026\/02\/ad4a7a9e98786fd01a32e2bb82ad02c6c0f18f7a-8x12.jpg 8w, https:\/\/www.dekode.com.tr\/wp-content\/uploads\/2026\/02\/ad4a7a9e98786fd01a32e2bb82ad02c6c0f18f7a.jpg 1280w\" sizes=\"(max-width: 683px) 100vw, 683px\" \/><\/figure><div class=\"wp-block-media-text__content\">\n<div class=\"wp-block-group is-style-default has-global-padding is-layout-constrained wp-container-core-group-is-layout-9a7b35d3 wp-block-group-is-layout-constrained\" style=\"padding-top:var(--wp--preset--spacing--40);padding-right:var(--wp--preset--spacing--30);padding-bottom:var(--wp--preset--spacing--40);padding-left:var(--wp--preset--spacing--30)\">\n<h3 class=\"wp-block-heading\" style=\"font-size:clamp(15.747px, 0.984rem + ((1vw - 3.2px) * 0.86), 24px);\"><a>PROCESS CONSULTANCY<\/a><\/h3>\n\n\n\n<p class=\"has-small-font-size\">Our consultants have held roles in creating, modifying according to institutional needs, and operating the processes of corporate firms; within this scope, the following services can be provided:<\/p>\n<\/div>\n<\/div><\/div>\n\n\n\n<ul class=\"wp-block-list\">\n<li>Reviewing Information Technology processes<\/li>\n\n\n\n<li>Identifying processes and on-site analysis to increase efficiency<\/li>\n\n\n\n<li>Prioritization according to missing processes<\/li>\n\n\n\n<li>Evaluation of Digital Solutions in line with the institution's process needs<\/li>\n\n\n\n<li>Writing and commissioning Information Technology processes<\/li>\n\n\n\n<li>Reviewing and commissioning Business Continuity Plans<\/li>\n<\/ul>\n\n\n\n<div class=\"wp-block-media-text is-stacked-on-mobile is-image-fill-element is-style-ext-preset--media-text--natural-1--card-1 has-tertiary-background-color has-background is-style-ext-preset--media-text--natural-1--card-1--8\"><figure class=\"wp-block-media-text__media\"><img decoding=\"async\" width=\"1024\" height=\"1024\" src=\"https:\/\/www.dekode.com.tr\/wp-content\/uploads\/2026\/04\/image-4.jpg\" alt=\"\" class=\"wp-image-238 size-full\" style=\"object-position:50% 50%\" srcset=\"https:\/\/www.dekode.com.tr\/wp-content\/uploads\/2026\/04\/image-4.jpg 1024w, https:\/\/www.dekode.com.tr\/wp-content\/uploads\/2026\/04\/image-4-300x300.jpg 300w, https:\/\/www.dekode.com.tr\/wp-content\/uploads\/2026\/04\/image-4-150x150.jpg 150w, https:\/\/www.dekode.com.tr\/wp-content\/uploads\/2026\/04\/image-4-12x12.jpg 12w\" sizes=\"(max-width: 1024px) 100vw, 1024px\" \/><\/figure><div class=\"wp-block-media-text__content\">\n<div class=\"wp-block-group is-style-default has-global-padding is-layout-constrained wp-container-core-group-is-layout-9a7b35d3 wp-block-group-is-layout-constrained\" style=\"padding-top:var(--wp--preset--spacing--40);padding-right:var(--wp--preset--spacing--30);padding-bottom:var(--wp--preset--spacing--40);padding-left:var(--wp--preset--spacing--30)\">\n<h3 class=\"wp-block-heading\" style=\"font-size:clamp(15.747px, 0.984rem + ((1vw - 3.2px) * 0.86), 24px);\"><a>GOOGLE YORUMLAR KURUMUNUZA KARALAMA FAAL\u0130YETLER\u0130<\/a><\/h3>\n\n\n\n<p class=\"has-small-font-size\">Has your organization's business score suddenly started to drop for reasons you're not aware of?<\/p>\n\n\n\n<p class=\"has-small-font-size\">Is a customer you haven't been able to satisfy writing reviews that aren't related to you?<\/p>\n\n\n\n<p class=\"has-small-font-size\">Have unknown individuals from a competing company started giving you low ratings, even though they are not your customers?<\/p>\n\n\n\n<p>For these types of suspicious activities, we can investigate and report who is behind it, why it was done, and whether it was done to damage your reputation. With this report, you can both apply for removal from your Google Business account and take legal action. <\/p>\n<\/div>\n<\/div><\/div>\n\n\n\n<div class=\"wp-block-columns alignwide is-layout-flex wp-container-core-columns-is-layout-967d05ff wp-block-columns-is-layout-flex\" style=\"margin-top:var(--wp--preset--spacing--40)\">\n<div class=\"wp-block-column is-vertically-aligned-stretch is-layout-flow wp-container-core-column-is-layout-119bc444 wp-block-column-is-layout-flow\"><\/div>\n\n\n\n<div class=\"wp-block-column is-vertically-aligned-stretch is-layout-flow wp-container-core-column-is-layout-119bc444 wp-block-column-is-layout-flow\"><\/div>\n<\/div>\n<\/div>\n\n\n\n<div class=\"wp-block-group alignfull is-style-ext-preset--group--natural-1--section has-tertiary-background-color has-background has-global-padding is-layout-constrained wp-container-core-group-is-layout-843e5a6d wp-block-group-is-layout-constrained is-style-ext-preset--group--natural-1--section--9\" id=\"hakkimizda\" style=\"margin-top:0;margin-bottom:0;padding-top:var(--wp--preset--spacing--70);padding-bottom:var(--wp--preset--spacing--70)\">\n<div class=\"wp-block-group alignwide is-vertical is-content-justification-center is-layout-flex wp-container-core-group-is-layout-c9ee0c5a wp-block-group-is-layout-flex\">\n<div class=\"wp-block-group has-global-padding is-layout-constrained wp-container-core-group-is-layout-2287c683 wp-block-group-is-layout-constrained\">\n<h2 class=\"wp-block-heading has-text-align-center\">Leading Cybersecurity Consultancy Solutions<\/h2>\n\n\n\n<p class=\"has-text-align-center\">Our firm develops security strategies tailored to our customers' needs, ensuring sustainable success and protection in business processes.<\/p>\n<\/div>\n<\/div>\n\n\n\n<figure class=\"wp-block-image is-style-ext-preset-image-natural-1-image-1--content-any is-style-ext-preset--image--natural-1--image-1--content-any is-style-ext-preset--image--natural-1--image-1--content-any--10\"><img decoding=\"async\" width=\"1440\" height=\"811\" src=\"https:\/\/www.dekode.com.tr\/wp-content\/uploads\/2026\/02\/df3d25e90189ee6ca7ee0e7509ae1a3b49415060.jpg\" alt=\"\" class=\"wp-image-87\" style=\"aspect-ratio:4\/3;object-fit:cover\" srcset=\"https:\/\/www.dekode.com.tr\/wp-content\/uploads\/2026\/02\/df3d25e90189ee6ca7ee0e7509ae1a3b49415060.jpg 1440w, https:\/\/www.dekode.com.tr\/wp-content\/uploads\/2026\/02\/df3d25e90189ee6ca7ee0e7509ae1a3b49415060-300x169.jpg 300w, https:\/\/www.dekode.com.tr\/wp-content\/uploads\/2026\/02\/df3d25e90189ee6ca7ee0e7509ae1a3b49415060-1024x577.jpg 1024w, https:\/\/www.dekode.com.tr\/wp-content\/uploads\/2026\/02\/df3d25e90189ee6ca7ee0e7509ae1a3b49415060-18x10.jpg 18w\" sizes=\"(max-width: 1440px) 100vw, 1440px\" \/><\/figure>\n<\/div>\n\n\n\n<div class=\"wp-block-group alignfull is-style-ext-preset--group--natural-1--section has-background-background-color has-background has-global-padding is-layout-constrained wp-container-core-group-is-layout-e955bbaf wp-block-group-is-layout-constrained is-style-ext-preset--group--natural-1--section--11\" id=\"ozellikler\" style=\"margin-top:0;margin-bottom:0;padding-top:var(--wp--preset--spacing--70);padding-bottom:var(--wp--preset--spacing--70)\">\n<div class=\"wp-block-group alignwide is-vertical is-layout-flex wp-container-core-group-is-layout-c35747d5 wp-block-group-is-layout-flex\">\n<div class=\"wp-block-group has-global-padding is-layout-constrained wp-container-core-group-is-layout-5e05634a wp-block-group-is-layout-constrained\">\n<h2 class=\"wp-block-heading\">Expert Cyber IT Consultancy Across T\u00fcrkiye<\/h2>\n\n\n\n<p class=\"has-text-align-left\">Dekode Cyber IT offers customized solutions and professional support tailored to the needs of businesses.<\/p>\n<\/div>\n<\/div>\n\n\n\n<div class=\"wp-block-columns alignwide is-layout-flex wp-container-core-columns-is-layout-87beb0d0 wp-block-columns-is-layout-flex\">\n<div class=\"wp-block-column is-vertically-aligned-stretch is-layout-flow wp-container-core-column-is-layout-119bc444 wp-block-column-is-layout-flow\"><\/div>\n\n\n\n<div class=\"wp-block-column is-vertically-aligned-stretch is-layout-flow wp-container-core-column-is-layout-119bc444 wp-block-column-is-layout-flow\"><\/div>\n<\/div>\n\n\n\n<div class=\"wp-block-columns alignwide is-layout-flex wp-container-core-columns-is-layout-e12f0bcd wp-block-columns-is-layout-flex\" style=\"margin-top:var(--wp--preset--spacing--30)\">\n<div class=\"wp-block-column is-layout-flow wp-container-core-column-is-layout-119bc444 wp-block-column-is-layout-flow\"><\/div>\n\n\n\n<div class=\"wp-block-column is-layout-flow wp-container-core-column-is-layout-119bc444 wp-block-column-is-layout-flow\"><\/div>\n<\/div>\n<\/div>","protected":false},"excerpt":{"rendered":"<p>Kurumunuzu Profesyonelce Y\u00f6netin Firmam\u0131z, geni\u015f kapsaml\u0131 dan\u0131\u015fmanl\u0131k ve destek hizmetleriyle i\u015fletmenizin dijital g\u00fcvenli\u011fini sa\u011flar. B\u0130L\u0130\u015e\u0130M H\u0130ZMETLER\u0130 Kurumlar\u0131n ihtiya\u00e7lar\u0131 do\u011frultusunda ister bulutta ister yerinde destek vererek a\u015fa\u011f\u0131daki hizmetler \u015firketimiz taraf\u0131ndan verilebilmektedir. STANDART\/KAL\u0130TE Y\u00d6NET\u0130M S\u0130STEMLER\u0130 DANI\u015eMANLIK H\u0130ZMETLER\u0130 ISO 27001 Bilgi G\u00fcvenli\u011fi, Siber Hijyen, Dijital D\u00f6n\u00fc\u015f\u00fcm ofisi Bilgi G\u00fcvenli\u011fi Rehberi, ISO 50001 Enerji sistemi, KVKK gibi Standartlar i\u00e7in [&hellip;]<\/p>\n","protected":false},"author":1,"featured_media":0,"parent":0,"menu_order":0,"comment_status":"closed","ping_status":"closed","template":"page-with-title","meta":{"_monsterinsights_skip_tracking":false,"_monsterinsights_sitenote_active":false,"_monsterinsights_sitenote_note":"","_monsterinsights_sitenote_category":0,"footnotes":""},"class_list":["post-50","page","type-page","status-publish","hentry"],"aioseo_notices":[],"_links":{"self":[{"href":"https:\/\/www.dekode.com.tr\/en\/wp-json\/wp\/v2\/pages\/50","targetHints":{"allow":["GET"]}}],"collection":[{"href":"https:\/\/www.dekode.com.tr\/en\/wp-json\/wp\/v2\/pages"}],"about":[{"href":"https:\/\/www.dekode.com.tr\/en\/wp-json\/wp\/v2\/types\/page"}],"author":[{"embeddable":true,"href":"https:\/\/www.dekode.com.tr\/en\/wp-json\/wp\/v2\/users\/1"}],"replies":[{"embeddable":true,"href":"https:\/\/www.dekode.com.tr\/en\/wp-json\/wp\/v2\/comments?post=50"}],"version-history":[{"count":3,"href":"https:\/\/www.dekode.com.tr\/en\/wp-json\/wp\/v2\/pages\/50\/revisions"}],"predecessor-version":[{"id":240,"href":"https:\/\/www.dekode.com.tr\/en\/wp-json\/wp\/v2\/pages\/50\/revisions\/240"}],"wp:attachment":[{"href":"https:\/\/www.dekode.com.tr\/en\/wp-json\/wp\/v2\/media?parent=50"}],"curies":[{"name":"wp","href":"https:\/\/api.w.org\/{rel}","templated":true}]}}